{"id":318,"date":"2024-09-17T15:36:08","date_gmt":"2024-09-17T13:36:08","guid":{"rendered":"https:\/\/xn--bschtn-0xa.at\/braveaurora\/?page_id=318"},"modified":"2025-11-24T11:47:11","modified_gmt":"2025-11-24T10:47:11","slug":"datenschutz","status":"publish","type":"page","link":"https:\/\/web.sw.unterholzer.dev\/braveaurora-test\/datenschutz\/","title":{"rendered":"Datenschutz"},"content":{"rendered":"\n<h1 class=\"wp-block-heading\" id=\"datenschutz\">Datenschutz<\/h1>\n\n\n\n<p>Der Schutz Ihrer pers\u00f6nlichen Daten ist uns ein besonderes Anliegen. Wir verarbeiten Ihre Daten daher ausschlie\u00dflich auf Grundlage der gesetzlichen Bestimmungen (DSGVO, TKG 2003). In diesen Datenschutzinformationen informieren wir Sie \u00fcber die wichtigsten Aspekte der Datenverarbeitung im Rahmen unserer Website.<\/p>\n\n\n\n<h2 class=\"wp-block-heading\" id=\"gespeicherte-daten\">Gespeicherte Daten<\/h2>\n\n\n\n<h3 class=\"wp-block-heading\">Spendenverwaltung mittels &#8222;FundraisingBox&#8220;<\/h3>\n\n\n\n<p>Zur Verwaltung und Abwicklung von Spenden verwenden wir die Software &#8222;FundraisingBox&#8220;, ein Produkt der Wikando GmbH, Schie\u00dfgrabenstr. 32, 86150 Augsburg, Deutschland. Die Einbindung dieser Software ist notwendig, um den Spendenprozess effizient und sicher zu gestalten. Sie erm\u00f6glicht uns die Abwicklung von Online-Spenden, die Verwaltung von Spender*innendaten sowie zur Dokumentation von Spenden.<\/p>\n\n\n\n<p>Weitere Informationen zur Datenverarbeitung durch die Wikando GmbH finden Sie unter: <a href=\"https:\/\/fundraisingbox.com\/privacy\/\" target=\"_blank\" rel=\"noreferrer noopener\">https:\/\/fundraisingbox.com\/privacy\/<\/a><\/p>\n\n\n\n<h4 class=\"wp-block-heading\"><strong>Welche Daten werden verarbeitet?<\/strong><\/h4>\n\n\n\n<p>Im Rahmen der Nutzung der FundraisingBox werden folgende personenbezogenen Daten verarbeitet:<\/p>\n\n\n\n<ul class=\"wp-block-list\">\n<li><strong>Pers\u00f6nliche Daten<\/strong>: Name, Adresse, E-Mail-Adresse, Telefonnummer, Geburtsdatum<\/li>\n\n\n\n<li><strong>Zahlungsinformationen<\/strong>: Kontodaten, Kreditkartendaten oder andere Zahlungsmethoden<\/li>\n\n\n\n<li><strong>Spendeninformationen<\/strong>: Spendenbetrag, Spendenzweck, Zeitpunkt der Spende<\/li>\n\n\n\n<li><strong>Kommunikationsdaten<\/strong>: Informationen aus der Kommunikation mit Ihnen, beispielsweise \u00fcber Formulare oder R\u00fcckfragen zu Spenden<\/li>\n<\/ul>\n\n\n\n<h4 class=\"wp-block-heading\">Zahlungsanbieter<\/h4>\n\n\n\n<p>Zur Verarbeitung von Spenden stehen folgende Zahlungsanbieter zur Verf\u00fcgung:<\/p>\n\n\n\n<ul class=\"wp-block-list\">\n<li>PayPal (Europe) S.\u00e0 r.l. et Cie, S.C.A, 22-24 Boulevard Royal L-2449, Luxemburg: <a href=\"https:\/\/www.paypal.com\/de\/legalhub\/paypal\/privacy-full\" target=\"_blank\" rel=\"noreferrer noopener\">Zur Datenschutzerkl\u00e4rung<\/a><\/li>\n\n\n\n<li>Stripe Payments Europe, Limited (Kreditkartenzahlungen), 1 Grand Canal Street Lower, Grand Canal Dock, Dublin, D02 H210, Irland: <a href=\"https:\/\/stripe.com\/de\/privacy\" target=\"_blank\" rel=\"noreferrer noopener\">Zur Datenschutzerkl\u00e4rung<\/a><\/li>\n\n\n\n<li>SEPA Lastschrift: Es sind Datenschutzbestimmungen Ihrer Hausbank und unserer Bank (<a href=\"https:\/\/www.raiffeisen.at\/ooe\/region-schaerding\/de\/meine-bank\/datenschutz.html\" target=\"_blank\" rel=\"noreferrer noopener\">Raiffaisen Bank Sch\u00e4rding<\/a>) anwendbar<\/li>\n<\/ul>\n\n\n\n<h4 class=\"wp-block-heading\"><strong>Rechtsgrundlage der Datenverarbeitung<\/strong><\/h4>\n\n\n\n<p>Die Verarbeitung Ihrer Daten erfolgt auf Grundlage von Art. 6 Abs. 1 lit. b DSGVO (Erf\u00fcllung eines Vertragsverh\u00e4ltnisses, hier: Abwicklung Ihrer Spende) sowie Art. 6 Abs. 1 lit. f DSGVO (unser berechtigtes Interesse an einer effizienten Spendenverwaltung).<\/p>\n\n\n\n<p>Sie k\u00f6nnen der Verarbeitung der Daten jederzeit widersprechen. Kontaktieren Sie dazu unsere verantwortliche Person f\u00fcr Datenschutz (<a href=\"#rechte\">siehe &#8222;Ihre Rechte&#8220;<\/a>).<\/p>\n\n\n\n<h3 class=\"wp-block-heading\" id=\"kontakt-mit-uns\">Kontakt mit uns<\/h3>\n\n\n\n<p>Wenn Sie per Formular auf der Website oder per E-Mail Kontakt mit uns aufnehmen, werden Ihre angegebenen Daten zwecks Bearbeitung der Anfrage und f\u00fcr den Fall von Anschlussfragen bei uns gespeichert.<\/p>\n\n\n\n<p>All diese Daten geben wir nicht ohne Ihre Einwilligung an Dritte weiter.<\/p>\n\n\n\n<h3 class=\"wp-block-heading\" id=\"server-logs\">Server Logs<\/h3>\n\n\n\n<p>Unser Webserver erhebt Daten \u00fcber Zugriffe auf die Seite und speichert diese als Server-Logs ab. Folgende Daten werden protokolliert:<\/p>\n\n\n\n<ul class=\"wp-block-list\">\n<li>Besuchte Website<\/li>\n\n\n\n<li>Aktuelle Uhrzeit zum Zeitpunkt des Aufrufs der Website<\/li>\n\n\n\n<li>Menge der gesendeten Daten<\/li>\n\n\n\n<li>Ein Verweis, von welcher Sie auf die Seite gelangten<\/li>\n\n\n\n<li>Der verwendete Browser<\/li>\n\n\n\n<li>Das verwendete Betriebssystem<\/li>\n\n\n\n<li>Die verwendete IP-Adresse (anonymisiert)<\/li>\n<\/ul>\n\n\n\n<p>Die erhobenen Daten dienen ausschlie\u00dflich zur Verbesserung der Website, da sich durch die Logs eventuelle Fehler finden und beheben lassen. Au\u00dferdem liefern Sie Informationen die es uns erm\u00f6glichen, eine unerlaubte Benutzung der Website zu unterbinden.<\/p>\n\n\n\n<h2 class=\"wp-block-heading\" id=\"cookies\">Cookies<\/h2>\n\n\n\n<p>Unsere Website verwendet so genannte Cookies. Dabei handelt es sich um kleine Textdateien, die mit Hilfe des Browsers auf Ihrem Endger\u00e4t abgelegt werden. Sie richten keinen Schaden an. Wir nutzen Cookies dazu, unser Angebot nutzerfreundlich zu gestalten.<\/p>\n\n\n\n<p>Sollten Sie keine Cookies w\u00fcnschen, so k\u00f6nnen Sie ihren Browser einrichten, dass dieser Cookies blockiert. Hier finden Sie dazu die Anleitung f\u00fcr&nbsp;<a href=\"hhttps:\/\/support.mozilla.org\/de\/kb\/Cookies-blockieren\">Mozilla Firefox<\/a>&nbsp;und&nbsp;<a href=\"https:\/\/support.google.com\/chrome\/answer\/95647?co=GENIE.Platform%3DDesktop&amp;hl=de\">Google Chrome<\/a>.<\/p>\n\n\n\n<p>Bei der Deaktivierung von Cookies kann die Funktionalit\u00e4t unserer Website eingeschr\u00e4nkt sein.<\/p>\n\n\n\n<h2 class=\"wp-block-heading\">Newsletter<\/h2>\n\n\n\n<p>Mit der Bestellung des Newsletters willigen Sie ein, dass s\u00e4mtliche angegebenen Daten im Zuge des Newsletterversands zu Werbezwecken verarbeitet werden d\u00fcrfen.<br>Diese Einwilligung k\u00f6nnen Sie jederzeit und ohne Angabe von Gr\u00fcnden widerrufen, indem Sie den Abmelden-Link klicken, der sich in jedem Newsletter befindet.<br>Wenn Sie Ihre Daten \u00e4ndern m\u00f6chten, k\u00f6nnen Sie den entsprechenden Daten-\u00e4ndern-Link im Newsletter verwenden.<\/p>\n\n\n\n<p>F\u00fcr den Versand und die Analyse unserer Newsletter verwenden wir die E-Mail Marketing Software mailworx. mailworx zeichnet das \u00d6ffnungs- und Klickverhalten auf. Konkret werden folgende Informationen getrackt: <\/p>\n\n\n\n<ul class=\"wp-block-list\">\n<li>Zeitpunkt der Zustellung<\/li>\n\n\n\n<li>Zeitpunkt der \u00d6ffnung<\/li>\n\n\n\n<li>Dauer der \u00d6ffnung<\/li>\n\n\n\n<li>IP-Adresse der \u00d6ffnung<\/li>\n\n\n\n<li>verwendetes E-Mail Programm (Mail Client)<\/li>\n\n\n\n<li>welcher Link geklickt wurde sowie der Zeitpunkt des Klicks<\/li>\n\n\n\n<li>Diese Daten werden ausschlie\u00dflich innerhalb der Europ\u00e4ischen Union verarbeitet und nicht an Dritte weitergegeben.<\/li>\n<\/ul>\n\n\n\n<p>Das Abo des Newsletters k\u00f6nnen Sie jederzeit stornieren. Senden Sie Ihre Stornierung bitte an folgende E-Mail-Adresse: <a href=\"mailto:info@braveaurora.com\">info@braveaurora.com<\/a>. Wir l\u00f6schen anschlie\u00dfend umgehend Ihre Daten im Zusammenhang mit dem Newsletter-Versand.<\/p>\n\n\n\n<h2 class=\"wp-block-heading\" id=\"rechte\">Ihre Rechte<\/h2>\n\n\n\n<p>Ihnen stehen bez\u00fcglich Ihrer bei uns gespeicherten Daten grunds\u00e4tzlich die Rechte auf Auskunft, Berichtigung, L\u00f6schung, Einschr\u00e4nkung, Daten\u00fcbertragbarkeit, Widerruf und Widerspruch zu. Wenn Sie glauben, dass die Verarbeitung Ihrer Daten gegen das Datenschutzrecht verst\u00f6\u00dft oder Ihre datenschutzrechtlichen Anspr\u00fcche sonst in einer Weise verletzt worden sind, k\u00f6nnen Sie uns nat\u00fcrlich gerne kontaktieren.<\/p>\n\n\n\n<p><strong>Sie erreichen uns unter folgenden Kontaktdaten<\/strong>:<\/p>\n\n\n\n<p><strong>BRAVEAURORA<\/strong><br>Verein zur Unterst\u00fctzung von Kindern und Familien in Ghana<br>Mitterbergerweg 6<br>4040 Linz<br><strong>E-Mail:<\/strong> <a href=\"mailto:info@braveaurora.com\">info@braveaurora.com<\/a><\/p>\n\n\n\n<p>Datenschutzbeauftragte: <a href=\"mailto:cornelia.issahaque@braveaurora.com\">Cornelia Issahaque<\/a><\/p>\n\n\n\n<div style=\"height:100px\" aria-hidden=\"true\" class=\"wp-block-spacer\"><\/div>\n\n\n\n<p><\/p>\n","protected":false},"excerpt":{"rendered":"<p>Datenschutz Der Schutz Ihrer pers\u00f6nlichen Daten ist uns ein besonderes Anliegen.","protected":false},"author":1,"featured_media":0,"parent":0,"menu_order":0,"comment_status":"closed","ping_status":"closed","template":"","meta":{"_uag_custom_page_level_css":"","site-sidebar-layout":"default","site-content-layout":"","ast-site-content-layout":"normal-width-container","site-content-style":"default","site-sidebar-style":"default","ast-global-header-display":"","ast-banner-title-visibility":"","ast-main-header-display":"","ast-hfb-above-header-display":"","ast-hfb-below-header-display":"","ast-hfb-mobile-header-display":"","site-post-title":"","ast-breadcrumbs-content":"","ast-featured-img":"","footer-sml-layout":"","ast-disable-related-posts":"","theme-transparent-header-meta":"","adv-header-id-meta":"","stick-header-meta":"","header-above-stick-meta":"","header-main-stick-meta":"","header-below-stick-meta":"","astra-migrate-meta-layouts":"default","ast-page-background-enabled":"default","ast-page-background-meta":{"desktop":{"background-color":"var(--ast-global-color-4)","background-image":"","background-repeat":"repeat","background-position":"center center","background-size":"auto","background-attachment":"scroll","background-type":"","background-media":"","overlay-type":"","overlay-color":"","overlay-opacity":"","overlay-gradient":""},"tablet":{"background-color":"","background-image":"","background-repeat":"repeat","background-position":"center center","background-size":"auto","background-attachment":"scroll","background-type":"","background-media":"","overlay-type":"","overlay-color":"","overlay-opacity":"","overlay-gradient":""},"mobile":{"background-color":"","background-image":"","background-repeat":"repeat","background-position":"center center","background-size":"auto","background-attachment":"scroll","background-type":"","background-media":"","overlay-type":"","overlay-color":"","overlay-opacity":"","overlay-gradient":""}},"ast-content-background-meta":{"desktop":{"background-color":"var(--ast-global-color-5)","background-image":"","background-repeat":"repeat","background-position":"center center","background-size":"auto","background-attachment":"scroll","background-type":"","background-media":"","overlay-type":"","overlay-color":"","overlay-opacity":"","overlay-gradient":""},"tablet":{"background-color":"var(--ast-global-color-5)","background-image":"","background-repeat":"repeat","background-position":"center center","background-size":"auto","background-attachment":"scroll","background-type":"","background-media":"","overlay-type":"","overlay-color":"","overlay-opacity":"","overlay-gradient":""},"mobile":{"background-color":"var(--ast-global-color-5)","background-image":"","background-repeat":"repeat","background-position":"center center","background-size":"auto","background-attachment":"scroll","background-type":"","background-media":"","overlay-type":"","overlay-color":"","overlay-opacity":"","overlay-gradient":""}},"footnotes":""},"class_list":["post-318","page","type-page","status-publish","hentry"],"yoast_head":"<!-- This site is optimized with the Yoast SEO plugin v27.3 - https:\/\/yoast.com\/product\/yoast-seo-wordpress\/ -->\n<title>Datenschutz - BRAVEAURORA - TEST<\/title>\n<meta name=\"robots\" content=\"index, follow, max-snippet:-1, max-image-preview:large, max-video-preview:-1\" \/>\n<link rel=\"canonical\" href=\"https:\/\/web.sw.unterholzer.dev\/braveaurora-test\/datenschutz\/\" \/>\n<meta property=\"og:locale\" content=\"de_DE\" \/>\n<meta property=\"og:type\" content=\"article\" \/>\n<meta property=\"og:title\" content=\"Datenschutz - BRAVEAURORA - TEST\" \/>\n<meta property=\"og:description\" content=\"Datenschutz Der Schutz Ihrer pers\u00f6nlichen Daten ist uns ein besonderes Anliegen.\" \/>\n<meta property=\"og:url\" content=\"https:\/\/web.sw.unterholzer.dev\/braveaurora-test\/datenschutz\/\" \/>\n<meta property=\"og:site_name\" content=\"BRAVEAURORA - TEST\" \/>\n<meta property=\"article:modified_time\" content=\"2025-11-24T10:47:11+00:00\" \/>\n<meta name=\"twitter:card\" content=\"summary_large_image\" \/>\n<meta name=\"twitter:label1\" content=\"Gesch\u00e4tzte Lesezeit\" \/>\n\t<meta name=\"twitter:data1\" content=\"4\u00a0Minuten\" \/>\n<script type=\"application\/ld+json\" class=\"yoast-schema-graph\">{\"@context\":\"https:\\\/\\\/schema.org\",\"@graph\":[{\"@type\":\"WebPage\",\"@id\":\"https:\\\/\\\/web.sw.unterholzer.dev\\\/braveaurora-test\\\/datenschutz\\\/\",\"url\":\"https:\\\/\\\/web.sw.unterholzer.dev\\\/braveaurora-test\\\/datenschutz\\\/\",\"name\":\"Datenschutz - BRAVEAURORA - TEST\",\"isPartOf\":{\"@id\":\"https:\\\/\\\/web.sw.unterholzer.dev\\\/braveaurora-test\\\/#website\"},\"datePublished\":\"2024-09-17T13:36:08+00:00\",\"dateModified\":\"2025-11-24T10:47:11+00:00\",\"breadcrumb\":{\"@id\":\"https:\\\/\\\/web.sw.unterholzer.dev\\\/braveaurora-test\\\/datenschutz\\\/#breadcrumb\"},\"inLanguage\":\"de\",\"potentialAction\":[{\"@type\":\"ReadAction\",\"target\":[\"https:\\\/\\\/web.sw.unterholzer.dev\\\/braveaurora-test\\\/datenschutz\\\/\"]}]},{\"@type\":\"BreadcrumbList\",\"@id\":\"https:\\\/\\\/web.sw.unterholzer.dev\\\/braveaurora-test\\\/datenschutz\\\/#breadcrumb\",\"itemListElement\":[{\"@type\":\"ListItem\",\"position\":1,\"name\":\"Startseite\",\"item\":\"https:\\\/\\\/web.sw.unterholzer.dev\\\/braveaurora-test\\\/\"},{\"@type\":\"ListItem\",\"position\":2,\"name\":\"Datenschutz\"}]},{\"@type\":\"WebSite\",\"@id\":\"https:\\\/\\\/web.sw.unterholzer.dev\\\/braveaurora-test\\\/#website\",\"url\":\"https:\\\/\\\/web.sw.unterholzer.dev\\\/braveaurora-test\\\/\",\"name\":\"BRAVEAURORA - TEST\",\"description\":\"\",\"publisher\":{\"@id\":\"https:\\\/\\\/web.sw.unterholzer.dev\\\/braveaurora-test\\\/#organization\"},\"potentialAction\":[{\"@type\":\"SearchAction\",\"target\":{\"@type\":\"EntryPoint\",\"urlTemplate\":\"https:\\\/\\\/web.sw.unterholzer.dev\\\/braveaurora-test\\\/?s={search_term_string}\"},\"query-input\":{\"@type\":\"PropertyValueSpecification\",\"valueRequired\":true,\"valueName\":\"search_term_string\"}}],\"inLanguage\":\"de\"},{\"@type\":\"Organization\",\"@id\":\"https:\\\/\\\/web.sw.unterholzer.dev\\\/braveaurora-test\\\/#organization\",\"name\":\"BRAVEAURORA - TEST\",\"url\":\"https:\\\/\\\/web.sw.unterholzer.dev\\\/braveaurora-test\\\/\",\"logo\":{\"@type\":\"ImageObject\",\"inLanguage\":\"de\",\"@id\":\"https:\\\/\\\/web.sw.unterholzer.dev\\\/braveaurora-test\\\/#\\\/schema\\\/logo\\\/image\\\/\",\"url\":\"https:\\\/\\\/web.sw.unterholzer.dev\\\/braveaurora-test\\\/wp-content\\\/uploads\\\/sites\\\/42\\\/2024\\\/06\\\/ba_logo.png\",\"contentUrl\":\"https:\\\/\\\/web.sw.unterholzer.dev\\\/braveaurora-test\\\/wp-content\\\/uploads\\\/sites\\\/42\\\/2024\\\/06\\\/ba_logo.png\",\"width\":339,\"height\":109,\"caption\":\"BRAVEAURORA - TEST\"},\"image\":{\"@id\":\"https:\\\/\\\/web.sw.unterholzer.dev\\\/braveaurora-test\\\/#\\\/schema\\\/logo\\\/image\\\/\"}}]}<\/script>\n<!-- \/ Yoast SEO plugin. -->","yoast_head_json":{"title":"Datenschutz - BRAVEAURORA - TEST","robots":{"index":"index","follow":"follow","max-snippet":"max-snippet:-1","max-image-preview":"max-image-preview:large","max-video-preview":"max-video-preview:-1"},"canonical":"https:\/\/web.sw.unterholzer.dev\/braveaurora-test\/datenschutz\/","og_locale":"de_DE","og_type":"article","og_title":"Datenschutz - BRAVEAURORA - TEST","og_description":"Datenschutz Der Schutz Ihrer pers\u00f6nlichen Daten ist uns ein besonderes Anliegen.","og_url":"https:\/\/web.sw.unterholzer.dev\/braveaurora-test\/datenschutz\/","og_site_name":"BRAVEAURORA - TEST","article_modified_time":"2025-11-24T10:47:11+00:00","twitter_card":"summary_large_image","twitter_misc":{"Gesch\u00e4tzte Lesezeit":"4\u00a0Minuten"},"schema":{"@context":"https:\/\/schema.org","@graph":[{"@type":"WebPage","@id":"https:\/\/web.sw.unterholzer.dev\/braveaurora-test\/datenschutz\/","url":"https:\/\/web.sw.unterholzer.dev\/braveaurora-test\/datenschutz\/","name":"Datenschutz - BRAVEAURORA - TEST","isPartOf":{"@id":"https:\/\/web.sw.unterholzer.dev\/braveaurora-test\/#website"},"datePublished":"2024-09-17T13:36:08+00:00","dateModified":"2025-11-24T10:47:11+00:00","breadcrumb":{"@id":"https:\/\/web.sw.unterholzer.dev\/braveaurora-test\/datenschutz\/#breadcrumb"},"inLanguage":"de","potentialAction":[{"@type":"ReadAction","target":["https:\/\/web.sw.unterholzer.dev\/braveaurora-test\/datenschutz\/"]}]},{"@type":"BreadcrumbList","@id":"https:\/\/web.sw.unterholzer.dev\/braveaurora-test\/datenschutz\/#breadcrumb","itemListElement":[{"@type":"ListItem","position":1,"name":"Startseite","item":"https:\/\/web.sw.unterholzer.dev\/braveaurora-test\/"},{"@type":"ListItem","position":2,"name":"Datenschutz"}]},{"@type":"WebSite","@id":"https:\/\/web.sw.unterholzer.dev\/braveaurora-test\/#website","url":"https:\/\/web.sw.unterholzer.dev\/braveaurora-test\/","name":"BRAVEAURORA - TEST","description":"","publisher":{"@id":"https:\/\/web.sw.unterholzer.dev\/braveaurora-test\/#organization"},"potentialAction":[{"@type":"SearchAction","target":{"@type":"EntryPoint","urlTemplate":"https:\/\/web.sw.unterholzer.dev\/braveaurora-test\/?s={search_term_string}"},"query-input":{"@type":"PropertyValueSpecification","valueRequired":true,"valueName":"search_term_string"}}],"inLanguage":"de"},{"@type":"Organization","@id":"https:\/\/web.sw.unterholzer.dev\/braveaurora-test\/#organization","name":"BRAVEAURORA - TEST","url":"https:\/\/web.sw.unterholzer.dev\/braveaurora-test\/","logo":{"@type":"ImageObject","inLanguage":"de","@id":"https:\/\/web.sw.unterholzer.dev\/braveaurora-test\/#\/schema\/logo\/image\/","url":"https:\/\/web.sw.unterholzer.dev\/braveaurora-test\/wp-content\/uploads\/sites\/42\/2024\/06\/ba_logo.png","contentUrl":"https:\/\/web.sw.unterholzer.dev\/braveaurora-test\/wp-content\/uploads\/sites\/42\/2024\/06\/ba_logo.png","width":339,"height":109,"caption":"BRAVEAURORA - TEST"},"image":{"@id":"https:\/\/web.sw.unterholzer.dev\/braveaurora-test\/#\/schema\/logo\/image\/"}}]}},"spectra_custom_meta":{"_yoast_wpseo_content_score":["90"],"_yoast_wpseo_estimated-reading-time-minutes":["4"],"_uag_custom_page_level_css":[""],"ast-site-content-layout":["normal-width-container"],"theme-transparent-header-meta":[""],"adv-header-id-meta":[""],"stick-header-meta":[""],"footnotes":[""],"astra_style_timestamp_css":["1775765799"],"_uag_css_file_name":["uag-css-318.css"],"_uag_page_assets":["a:9:{s:3:\"css\";s:263:\".uag-blocks-common-selector{z-index:var(--z-index-desktop) !important}@media (max-width: 976px){.uag-blocks-common-selector{z-index:var(--z-index-tablet) !important}}@media (max-width: 767px){.uag-blocks-common-selector{z-index:var(--z-index-mobile) !important}}\n\";s:2:\"js\";s:0:\"\";s:18:\"current_block_list\";a:6:{i:0;s:12:\"core\/heading\";i:1;s:14:\"core\/paragraph\";i:2;s:9:\"core\/list\";i:3;s:14:\"core\/list-item\";i:4;s:11:\"core\/spacer\";i:5;s:10:\"core\/image\";}s:8:\"uag_flag\";b:0;s:11:\"uag_version\";s:10:\"1776288540\";s:6:\"gfonts\";a:0:{}s:10:\"gfonts_url\";s:0:\"\";s:12:\"gfonts_files\";a:0:{}s:14:\"uag_faq_layout\";b:0;}"]},"uagb_featured_image_src":{"full":false,"thumbnail":false,"medium":false,"medium_large":false,"large":false,"1536x1536":false,"2048x2048":false,"trp-custom-language-flag":false},"uagb_author_info":{"display_name":"bstoeller","author_link":"https:\/\/web.sw.unterholzer.dev\/braveaurora-test\/author\/bstoeller\/"},"uagb_comment_info":0,"uagb_excerpt":"Datenschutz Der Schutz Ihrer pers\u00f6nlichen Daten ist uns ein besonderes Anliegen.","_links":{"self":[{"href":"https:\/\/web.sw.unterholzer.dev\/braveaurora-test\/wp-json\/wp\/v2\/pages\/318","targetHints":{"allow":["GET"]}}],"collection":[{"href":"https:\/\/web.sw.unterholzer.dev\/braveaurora-test\/wp-json\/wp\/v2\/pages"}],"about":[{"href":"https:\/\/web.sw.unterholzer.dev\/braveaurora-test\/wp-json\/wp\/v2\/types\/page"}],"author":[{"embeddable":true,"href":"https:\/\/web.sw.unterholzer.dev\/braveaurora-test\/wp-json\/wp\/v2\/users\/1"}],"replies":[{"embeddable":true,"href":"https:\/\/web.sw.unterholzer.dev\/braveaurora-test\/wp-json\/wp\/v2\/comments?post=318"}],"version-history":[{"count":2,"href":"https:\/\/web.sw.unterholzer.dev\/braveaurora-test\/wp-json\/wp\/v2\/pages\/318\/revisions"}],"predecessor-version":[{"id":19847,"href":"https:\/\/web.sw.unterholzer.dev\/braveaurora-test\/wp-json\/wp\/v2\/pages\/318\/revisions\/19847"}],"wp:attachment":[{"href":"https:\/\/web.sw.unterholzer.dev\/braveaurora-test\/wp-json\/wp\/v2\/media?parent=318"}],"curies":[{"name":"wp","href":"https:\/\/api.w.org\/{rel}","templated":true}]}}